{"id":190,"date":"2022-01-24T16:01:51","date_gmt":"2022-01-24T16:01:51","guid":{"rendered":"https:\/\/learningbymoving.de\/?page_id=190"},"modified":"2022-02-10T19:01:43","modified_gmt":"2022-02-10T19:01:43","slug":"elementor-190","status":"publish","type":"page","link":"https:\/\/learningbymoving.de\/index.php\/elementor-190\/","title":{"rendered":"Tanzformate"},"content":{"rendered":"\t\t<div data-elementor-type=\"wp-page\" data-elementor-id=\"190\" class=\"elementor elementor-190\" data-elementor-settings=\"[]\">\n\t\t\t\t\t\t\t<div class=\"elementor-section-wrap\">\n\t\t\t\t\t\t\t<section class=\"elementor-section elementor-top-section elementor-element elementor-element-908804a elementor-section-boxed elementor-section-height-default elementor-section-height-default parallax_section_no qode_elementor_container_no\" data-id=\"908804a\" data-element_type=\"section\">\n\t\t\t\t\t\t<div class=\"elementor-container elementor-column-gap-default\">\n\t\t\t\t\t<div class=\"elementor-column elementor-col-100 elementor-top-column elementor-element elementor-element-142c7a1\" data-id=\"142c7a1\" data-element_type=\"column\">\n\t\t\t<div class=\"elementor-widget-wrap elementor-element-populated\">\n\t\t\t\t\t\t\t\t<div class=\"elementor-element elementor-element-9823494 elementor-widget elementor-widget-heading\" data-id=\"9823494\" data-element_type=\"widget\" data-widget_type=\"heading.default\">\n\t\t\t\t<div class=\"elementor-widget-container\">\n\t\t\t<style>\/*! elementor - v3.5.5 - 03-02-2022 *\/\n.elementor-heading-title{padding:0;margin:0;line-height:1}.elementor-widget-heading .elementor-heading-title[class*=elementor-size-]>a{color:inherit;font-size:inherit;line-height:inherit}.elementor-widget-heading .elementor-heading-title.elementor-size-small{font-size:15px}.elementor-widget-heading .elementor-heading-title.elementor-size-medium{font-size:19px}.elementor-widget-heading .elementor-heading-title.elementor-size-large{font-size:29px}.elementor-widget-heading .elementor-heading-title.elementor-size-xl{font-size:39px}.elementor-widget-heading .elementor-heading-title.elementor-size-xxl{font-size:59px}<\/style><h3 class=\"elementor-heading-title elementor-size-default\">Warum sollten Kinder und Jugendliche Zugang zum Tanz haben?<\/h3>\t\t<\/div>\n\t\t\t\t<\/div>\n\t\t\t\t\t<\/div>\n\t\t<\/div>\n\t\t\t\t\t\t\t<\/div>\n\t\t<\/section>\n\t\t\t\t<section class=\"elementor-section elementor-top-section elementor-element elementor-element-e67c49a elementor-section-boxed elementor-section-height-default elementor-section-height-default parallax_section_no qode_elementor_container_no\" data-id=\"e67c49a\" data-element_type=\"section\">\n\t\t\t\t\t\t<div class=\"elementor-container elementor-column-gap-default\">\n\t\t\t\t\t<div class=\"elementor-column elementor-col-100 elementor-top-column elementor-element elementor-element-0540ccb\" data-id=\"0540ccb\" data-element_type=\"column\">\n\t\t\t<div class=\"elementor-widget-wrap elementor-element-populated\">\n\t\t\t\t\t\t\t\t<div class=\"elementor-element elementor-element-cbe8ee1 elementor-widget elementor-widget-text-editor\" data-id=\"cbe8ee1\" data-element_type=\"widget\" data-widget_type=\"text-editor.default\">\n\t\t\t\t<div class=\"elementor-widget-container\">\n\t\t\t<style>\/*! elementor - v3.5.5 - 03-02-2022 *\/\n.elementor-widget-text-editor.elementor-drop-cap-view-stacked .elementor-drop-cap{background-color:#818a91;color:#fff}.elementor-widget-text-editor.elementor-drop-cap-view-framed .elementor-drop-cap{color:#818a91;border:3px solid;background-color:transparent}.elementor-widget-text-editor:not(.elementor-drop-cap-view-default) .elementor-drop-cap{margin-top:8px}.elementor-widget-text-editor:not(.elementor-drop-cap-view-default) .elementor-drop-cap-letter{width:1em;height:1em}.elementor-widget-text-editor .elementor-drop-cap{float:left;text-align:center;line-height:1;font-size:50px}.elementor-widget-text-editor .elementor-drop-cap-letter{display:inline-block}<\/style>\t\t\t\t<h3>Tanz<\/h4>\n<ul class=\"\">\n \t<li class=\"\">bewegt und verbindet.<\/li>\n \t<li class=\"\">weckt die individuelle Kreativit\u00e4t und schenkt Selbstvertrauen.<\/li>\n \t<li>ist non-verbal und dennoch \u00e4u\u00dferst kommunikativ.<\/li>\n \t<li>es eignet sich deshalb auch f\u00fcr Menschen mit Einschr\u00e4nkungen, besonderem F\u00f6rderbedarf oder mit wenigen Deutschkenntnissen.<\/li>\n \t<li class=\"\">hilft Sprachbarrieren und Hemmschwellen zu \u00fcberwinden.<\/li>\n \t<li class=\"\">vermittelt soziale Kompetenzen.<\/li>\n \t<li class=\"\">verbessert die Motorik und trainiert k\u00f6rperliche Kondition und Ausdauer.<\/li>\n \t<li class=\"\">steigert die Konzentrationsf\u00e4higkeit und kognitive Kompetenzen.<\/li>\n<\/ul>\t\t\t\t\t\t<\/div>\n\t\t\t\t<\/div>\n\t\t\t\t\t<\/div>\n\t\t<\/div>\n\t\t\t\t\t\t\t<\/div>\n\t\t<\/section>\n\t\t\t\t<section class=\"elementor-section elementor-top-section elementor-element elementor-element-eea5e05 elementor-section-boxed elementor-section-height-default elementor-section-height-default parallax_section_no qode_elementor_container_no\" data-id=\"eea5e05\" data-element_type=\"section\">\n\t\t\t\t\t\t<div class=\"elementor-container elementor-column-gap-default\">\n\t\t\t\t\t<div class=\"elementor-column elementor-col-100 elementor-top-column elementor-element elementor-element-6b16a38\" data-id=\"6b16a38\" data-element_type=\"column\">\n\t\t\t<div class=\"elementor-widget-wrap elementor-element-populated\">\n\t\t\t\t\t\t\t\t<div class=\"elementor-element elementor-element-0f65d2e elementor-widget elementor-widget-heading\" data-id=\"0f65d2e\" data-element_type=\"widget\" data-widget_type=\"heading.default\">\n\t\t\t\t<div class=\"elementor-widget-container\">\n\t\t\t<h5 class=\"elementor-heading-title elementor-size-default\">Falls Sie Interesse an einer Zusammenarbeit haben, gibt es folgende Tanzformate, die alle flexibel an die jeweiligen Vorraussetzungen, Altersgruppen und W\u00fcnsche angepasst werden k\u00f6nnen.<\/h5>\t\t<\/div>\n\t\t\t\t<\/div>\n\t\t\t\t\t<\/div>\n\t\t<\/div>\n\t\t\t\t\t\t\t<\/div>\n\t\t<\/section>\n\t\t\t\t<section class=\"elementor-section elementor-top-section elementor-element elementor-element-52ae8332 elementor-section-content-middle elementor-section-boxed elementor-section-height-default elementor-section-height-default parallax_section_no qode_elementor_container_no\" data-id=\"52ae8332\" data-element_type=\"section\">\n\t\t\t\t\t\t<div class=\"elementor-container elementor-column-gap-no\">\n\t\t\t\t\t<div class=\"elementor-column elementor-col-100 elementor-top-column elementor-element elementor-element-78068870\" data-id=\"78068870\" data-element_type=\"column\">\n\t\t\t<div class=\"elementor-widget-wrap elementor-element-populated\">\n\t\t\t\t\t\t\t\t<section class=\"elementor-section elementor-inner-section elementor-element elementor-element-4c7c8e39 elementor-section-content-top elementor-section-boxed elementor-section-height-default elementor-section-height-default parallax_section_no qode_elementor_container_no\" data-id=\"4c7c8e39\" data-element_type=\"section\">\n\t\t\t\t\t\t<div class=\"elementor-container elementor-column-gap-no\">\n\t\t\t\t\t<div class=\"elementor-column elementor-col-50 elementor-inner-column elementor-element elementor-element-198efffe\" data-id=\"198efffe\" data-element_type=\"column\">\n\t\t\t<div class=\"elementor-widget-wrap elementor-element-populated\">\n\t\t\t\t\t\t\t\t<div class=\"elementor-element elementor-element-1d9f8ce elementor-position-top elementor-vertical-align-top elementor-widget elementor-widget-image-box\" data-id=\"1d9f8ce\" data-element_type=\"widget\" data-widget_type=\"image-box.default\">\n\t\t\t\t<div class=\"elementor-widget-container\">\n\t\t\t<style>\/*! elementor - v3.5.5 - 03-02-2022 *\/\n.elementor-widget-image-box .elementor-image-box-content{width:100%}@media (min-width:768px){.elementor-widget-image-box.elementor-position-left .elementor-image-box-wrapper,.elementor-widget-image-box.elementor-position-right .elementor-image-box-wrapper{display:-webkit-box;display:-ms-flexbox;display:flex}.elementor-widget-image-box.elementor-position-right .elementor-image-box-wrapper{text-align:right;-webkit-box-orient:horizontal;-webkit-box-direction:reverse;-ms-flex-direction:row-reverse;flex-direction:row-reverse}.elementor-widget-image-box.elementor-position-left .elementor-image-box-wrapper{text-align:left;-webkit-box-orient:horizontal;-webkit-box-direction:normal;-ms-flex-direction:row;flex-direction:row}.elementor-widget-image-box.elementor-position-top .elementor-image-box-img{margin:auto}.elementor-widget-image-box.elementor-vertical-align-top .elementor-image-box-wrapper{-webkit-box-align:start;-ms-flex-align:start;align-items:flex-start}.elementor-widget-image-box.elementor-vertical-align-middle .elementor-image-box-wrapper{-webkit-box-align:center;-ms-flex-align:center;align-items:center}.elementor-widget-image-box.elementor-vertical-align-bottom .elementor-image-box-wrapper{-webkit-box-align:end;-ms-flex-align:end;align-items:flex-end}}@media (max-width:767px){.elementor-widget-image-box .elementor-image-box-img{margin-left:auto!important;margin-right:auto!important;margin-bottom:15px}}.elementor-widget-image-box .elementor-image-box-img{display:inline-block}.elementor-widget-image-box .elementor-image-box-title a{color:inherit}.elementor-widget-image-box .elementor-image-box-wrapper{text-align:center}.elementor-widget-image-box .elementor-image-box-description{margin:0}<\/style><div class=\"elementor-image-box-wrapper\"><figure class=\"elementor-image-box-img\"><img loading=\"lazy\" decoding=\"async\" width=\"1000\" height=\"667\" src=\"https:\/\/learningbymoving.de\/wp-content\/uploads\/2022\/02\/Angebote3_komprimiert.jpeg\" class=\"attachment-full size-full\" alt=\"\" \/><\/figure><div class=\"elementor-image-box-content\"><h3 class=\"elementor-image-box-title\">TANZTAGE<\/h3><p class=\"elementor-image-box-description\">-   Ein Schnupperangebot f\u00fcr alle Altersstufen, das einen optimalen Tanzeinstieg f\u00fcr den Klassenverband bietet<br>\n-   3-5 Schulstunden<br>\n-   ein bestimmtes Thema des Lehrplans wird t\u00e4nzerisch erforscht<br>\n-   in Zusammenarbeit mit der Lehrkraft wird ein bewegter Zugang zum gew\u00e4hlten Thema erschlossen (z.B. Vokabeln, Symmetrie, Textinterpretation, Vulkanausbruch, u.a.)<br>\n-   kann im Klassenraum, Bewegungsraum oder in einer Turnhalle durchgef\u00fchrt werden<br><\/p><\/div><\/div>\t\t<\/div>\n\t\t\t\t<\/div>\n\t\t\t\t\t<\/div>\n\t\t<\/div>\n\t\t\t\t<div class=\"elementor-column elementor-col-50 elementor-inner-column elementor-element elementor-element-69707f64\" data-id=\"69707f64\" data-element_type=\"column\">\n\t\t\t<div class=\"elementor-widget-wrap elementor-element-populated\">\n\t\t\t\t\t\t\t\t<div class=\"elementor-element elementor-element-633687b0 elementor-position-top elementor-vertical-align-top elementor-widget elementor-widget-image-box\" data-id=\"633687b0\" data-element_type=\"widget\" data-widget_type=\"image-box.default\">\n\t\t\t\t<div class=\"elementor-widget-container\">\n\t\t\t<div class=\"elementor-image-box-wrapper\"><figure class=\"elementor-image-box-img\"><img decoding=\"async\" src=\"https:\/\/learningbymoving.de\/wp-content\/uploads\/2022\/02\/Angebote2_komprimiert.jpeg\" title=\"Angebote2_komprimiert\" alt=\"Angebote2_komprimiert\" \/><\/figure><div class=\"elementor-image-box-content\"><h3 class=\"elementor-image-box-title\">TANZPROJEKT<\/h3><p class=\"elementor-image-box-description\">-   ein intensives Tanzangebot f\u00fcr 1-2 Klassen, das den Teilnehmenden Zugang zum zeitgen\u00f6ssischen Tanz und die Entdeckung der eigenen Kreativit\u00e4t bietet<\/br>\n-   5 Tage \u00e0 4 Schulstunden<\/br>\n-   2 Tanzvermittler*innen, in Zusammenarbeit mit den Lehrkr\u00e4ften<\/br>\n-   anhand eines vorgegebenen Themas lernen die Teilnehmenden Tanzkonzepte und choreografische Prozesse, um eigene Bewegungsabl\u00e4ufe zu kreieren<\/br>\n-   findet in einer Aula oder einer Turnhalle statt<\/br>\n-   schlie\u00dft mit einer internen Auff\u00fchrung ab<\/p><\/div><\/div>\t\t<\/div>\n\t\t\t\t<\/div>\n\t\t\t\t\t<\/div>\n\t\t<\/div>\n\t\t\t\t\t\t\t<\/div>\n\t\t<\/section>\n\t\t\t\t<section class=\"elementor-section elementor-inner-section elementor-element elementor-element-47172cc elementor-section-content-top elementor-section-boxed elementor-section-height-default elementor-section-height-default parallax_section_no qode_elementor_container_no\" data-id=\"47172cc\" data-element_type=\"section\">\n\t\t\t\t\t\t<div class=\"elementor-container elementor-column-gap-no\">\n\t\t\t\t\t<div class=\"elementor-column elementor-col-50 elementor-inner-column elementor-element elementor-element-734244f2\" data-id=\"734244f2\" data-element_type=\"column\">\n\t\t\t<div class=\"elementor-widget-wrap elementor-element-populated\">\n\t\t\t\t\t\t\t\t<div class=\"elementor-element elementor-element-48ddb066 elementor-position-top elementor-vertical-align-top elementor-widget elementor-widget-image-box\" data-id=\"48ddb066\" data-element_type=\"widget\" data-widget_type=\"image-box.default\">\n\t\t\t\t<div class=\"elementor-widget-container\">\n\t\t\t<div class=\"elementor-image-box-wrapper\"><figure class=\"elementor-image-box-img\"><img loading=\"lazy\" decoding=\"async\" width=\"1000\" height=\"667\" src=\"https:\/\/learningbymoving.de\/wp-content\/uploads\/2022\/02\/Angebote4_komprimiert.jpg\" class=\"attachment-full size-full\" alt=\"\" \/><\/figure><div class=\"elementor-image-box-content\"><h3 class=\"elementor-image-box-title\">TANZKOOPERATION<\/h3><p class=\"elementor-image-box-description\">-   ein Angebot f\u00fcr Schulen, die ein Tanzprofil entwickeln m\u00f6chten<\/br>\n-   f\u00fcr alle Altersstufen ab Klasse 2<\/br>\n-   8-12 w\u00f6chentliche Termine \u00e0 90 Minuten<\/br>\n-   2 Tanzvermittler*innen in Zusammenarbeit mit der Klassenlehrkraft<\/br>\n-   ein intensives Eintauchen in zeitgen\u00f6ssischen Tanz, mit Entwicklung einer Choreografie<\/br>\n-   findet in einer Aula oder Turnhalle statt<\/br>\n-   schlie\u00dft mit einer internen Auff\u00fchrung ab<\/p><\/div><\/div>\t\t<\/div>\n\t\t\t\t<\/div>\n\t\t\t\t\t<\/div>\n\t\t<\/div>\n\t\t\t\t<div class=\"elementor-column elementor-col-50 elementor-inner-column elementor-element elementor-element-4c03e44e\" data-id=\"4c03e44e\" data-element_type=\"column\">\n\t\t\t<div class=\"elementor-widget-wrap elementor-element-populated\">\n\t\t\t\t\t\t\t\t<div class=\"elementor-element elementor-element-13b43afe elementor-position-top elementor-vertical-align-top elementor-widget elementor-widget-image-box\" data-id=\"13b43afe\" data-element_type=\"widget\" data-widget_type=\"image-box.default\">\n\t\t\t\t<div class=\"elementor-widget-container\">\n\t\t\t<div class=\"elementor-image-box-wrapper\"><figure class=\"elementor-image-box-img\"><img loading=\"lazy\" decoding=\"async\" width=\"1000\" height=\"667\" src=\"https:\/\/learningbymoving.de\/wp-content\/uploads\/2022\/02\/Angebote1_komprimiert.jpeg\" class=\"attachment-full size-full\" alt=\"\" \/><\/figure><div class=\"elementor-image-box-content\"><h3 class=\"elementor-image-box-title\">KINDERTANZT!<\/h3><p class=\"elementor-image-box-description\">-   richtet sich an p\u00e4dagogische Fachkr\u00e4fte aus Kitas und Grundschulen und unterst\u00fctzt diese dabei, Bewegungsprojekte f\u00fcr Kinder in ihren Einrichtungen einzuf\u00fchren und zu etablieren<\/br>\n-   im Rahmen der aus f\u00fcnf Modulen bestehenden 18-monatigen Weiterbildung bekommen die Teilnehmer*innen praktisches Handwerkszeug vermittelt, mit dem sie eigene Konzepte und Praktiken weiterentwickeln k\u00f6nnen<\/br>\n-   durch zeitgen\u00f6ssische tanzp\u00e4dagogische Methoden sowie anatomisches und entwicklungspsychologisches Hintergrundwissen bietet KINDERTANZT! einen neuen Zugang zu Tanz und Bewegung, bei dem die \u00e4sthetische Erfahrung im Vordergrund steht<\/p><\/div><\/div>\t\t<\/div>\n\t\t\t\t<\/div>\n\t\t\t\t\t<\/div>\n\t\t<\/div>\n\t\t\t\t\t\t\t<\/div>\n\t\t<\/section>\n\t\t\t\t\t<\/div>\n\t\t<\/div>\n\t\t\t\t\t\t\t<\/div>\n\t\t<\/section>\n\t\t\t\t\t\t<\/div>\n\t\t\t\t\t<\/div>\n\t\t","protected":false},"excerpt":{"rendered":"<p>Warum sollten Kinder und Jugendliche Zugang zum Tanz haben? Tanz bewegt und verbindet. weckt die individuelle Kreativit\u00e4t und schenkt Selbstvertrauen. ist non-verbal und dennoch \u00e4u\u00dferst kommunikativ. es eignet sich deshalb auch f\u00fcr Menschen mit Einschr\u00e4nkungen, besonderem F\u00f6rderbedarf oder mit wenigen Deutschkenntnissen. hilft Sprachbarrieren und Hemmschwellen&#8230;<\/p>\n","protected":false},"author":2,"featured_media":0,"parent":0,"menu_order":0,"comment_status":"closed","ping_status":"closed","template":"","meta":{"footnotes":""},"class_list":["post-190","page","type-page","status-publish","hentry"],"_links":{"self":[{"href":"https:\/\/learningbymoving.de\/index.php\/wp-json\/wp\/v2\/pages\/190","targetHints":{"allow":["GET"]}}],"collection":[{"href":"https:\/\/learningbymoving.de\/index.php\/wp-json\/wp\/v2\/pages"}],"about":[{"href":"https:\/\/learningbymoving.de\/index.php\/wp-json\/wp\/v2\/types\/page"}],"author":[{"embeddable":true,"href":"https:\/\/learningbymoving.de\/index.php\/wp-json\/wp\/v2\/users\/2"}],"replies":[{"embeddable":true,"href":"https:\/\/learningbymoving.de\/index.php\/wp-json\/wp\/v2\/comments?post=190"}],"version-history":[{"count":134,"href":"https:\/\/learningbymoving.de\/index.php\/wp-json\/wp\/v2\/pages\/190\/revisions"}],"predecessor-version":[{"id":963,"href":"https:\/\/learningbymoving.de\/index.php\/wp-json\/wp\/v2\/pages\/190\/revisions\/963"}],"wp:attachment":[{"href":"https:\/\/learningbymoving.de\/index.php\/wp-json\/wp\/v2\/media?parent=190"}],"curies":[{"name":"wp","href":"https:\/\/api.w.org\/{rel}","templated":true}]}}